{"id":14106,"date":"2022-12-24T03:37:15","date_gmt":"2022-12-24T08:37:15","guid":{"rendered":"https:\/\/panierquebec.com\/?page_id=14106"},"modified":"2022-12-25T14:05:47","modified_gmt":"2022-12-25T19:05:47","slug":"terms-conditions","status":"publish","type":"page","link":"https:\/\/panierquebec.com\/fr\/terms-conditions\/","title":{"rendered":"Termes et conditions"},"content":{"rendered":"<div data-elementor-type=\"wp-page\" data-elementor-id=\"14106\" class=\"elementor elementor-14106\">\n\t\t\t\t\t\t<section class=\"wd-negative-gap elementor-section elementor-top-section elementor-element elementor-element-392d5cc2 elementor-section-boxed elementor-section-height-default elementor-section-height-default\" data-id=\"392d5cc2\" data-element_type=\"section\" data-e-type=\"section\">\n\t\t\t\t\t\t<div class=\"elementor-container elementor-column-gap-default\">\n\t\t\t\t\t<div class=\"elementor-column elementor-col-100 elementor-top-column elementor-element elementor-element-10f9b363\" data-id=\"10f9b363\" data-element_type=\"column\" data-e-type=\"column\">\n\t\t\t<div class=\"elementor-widget-wrap elementor-element-populated\">\n\t\t\t\t\t\t<div class=\"elementor-element elementor-element-7aa447b3 color-scheme-inherit text-left elementor-widget elementor-widget-text-editor\" data-id=\"7aa447b3\" data-element_type=\"widget\" data-e-type=\"widget\" data-widget_type=\"text-editor.default\">\n\t\t\t\t<div class=\"elementor-widget-container\">\n\t\t\t\t\t\t\t\t\t<h2>Sommaire<\/h2><div><span style=\"color: #3366ff;\"><a style=\"color: #3366ff;\" href=\"#Terms\">Termes<\/a><\/span><\/div><div><span style=\"color: #3366ff;\"><a style=\"color: #3366ff;\" href=\"#Use\">Utilisation de la licence<\/a><\/span><\/div><div><span style=\"color: #3366ff;\"><a style=\"color: #3366ff;\" href=\"#Disclaimer\">Avertissement<\/a><\/span><\/div><div><span style=\"color: #3366ff;\"><a style=\"color: #3366ff;\" href=\"#Limitations\">Limitations<\/a><\/span><\/div><div><span style=\"color: #3366ff;\"><a style=\"color: #3366ff;\" href=\"#Revisions\">R\u00e9visions et errata<\/a><\/span><\/div><div><span style=\"color: #3366ff;\"><a style=\"color: #3366ff;\" href=\"#Links\">Liens<\/a><\/span><\/div><div><span style=\"color: #3366ff;\"><a style=\"color: #3366ff;\" href=\"#Changes\">Modifications des conditions d\u2019utilisation du site<\/a><\/span><\/div><div><span style=\"color: #3366ff;\"><a style=\"color: #3366ff;\" href=\"#Applicable_law\">Loi applicable<\/a><\/span><\/div><div><span style=\"color: #3366ff;\"><a style=\"color: #3366ff;\" href=\"#Secure\">Paiements s\u00e9curis\u00e9s<\/a><\/span><\/div><div><span style=\"color: #3366ff;\"><a style=\"color: #3366ff;\" href=\"#Last_update\">Derni\u00e8re mise \u00e0 jour<\/a><\/span><\/div>\t\t\t\t\t\t\t\t<\/div>\n\t\t\t\t<\/div>\n\t\t\t\t\t<\/div>\n\t\t<\/div>\n\t\t\t\t\t<\/div>\n\t\t<\/section>\n\t\t\t\t<section class=\"wd-negative-gap elementor-section elementor-top-section elementor-element elementor-element-4e04f911 elementor-section-boxed elementor-section-height-default elementor-section-height-default\" data-id=\"4e04f911\" data-element_type=\"section\" data-e-type=\"section\" id=\"Terms\">\n\t\t\t\t\t\t<div class=\"elementor-container elementor-column-gap-default\">\n\t\t\t\t\t<div class=\"elementor-column elementor-col-100 elementor-top-column elementor-element elementor-element-1b7f9643\" data-id=\"1b7f9643\" data-element_type=\"column\" data-e-type=\"column\" id=\"Terms\">\n\t\t\t<div class=\"elementor-widget-wrap elementor-element-populated\">\n\t\t\t\t\t\t<div class=\"elementor-element elementor-element-38e6c8d9 color-scheme-inherit text-left elementor-widget elementor-widget-text-editor\" data-id=\"38e6c8d9\" data-element_type=\"widget\" data-e-type=\"widget\" id=\"Terms\" data-widget_type=\"text-editor.default\">\n\t\t\t\t<div class=\"elementor-widget-container\">\n\t\t\t\t\t\t\t\t\t<h3>Termes<\/h3><p><strong>a.<\/strong>\u00a0En acc\u00e9dant \u00e0 Panier Qu\u00e9bec, vous acceptez d\u2019\u00eatre li\u00e9 par les pr\u00e9sentes conditions d\u2019utilisation du site Web, toutes les lois et tous les r\u00e8glements applicables, et acceptez d\u2019\u00eatre responsable du respect des lois locales applicables.<\/p><p>Si vous n\u2019\u00eates pas d\u2019accord avec l\u2019une de ces conditions, il vous est interdit d\u2019utiliser ou d\u2019acc\u00e9der \u00e0 ce site.<\/p><p>Le contenu (textes, images, fichiers, logo, favicon, code QR, informations de toute nature et tous autres \u00e9l\u00e9ments de ce site) est prot\u00e9g\u00e9 par les lois applicables sur le droit d\u2019auteur et les marques.<\/p><p><strong>b.<\/strong>\u00a0Avertissement<br \/><strong>i.<\/strong>\u00a0i.\u00a0Panier Qu\u00e9bec et ses affili\u00e9s et soci\u00e9t\u00e9s m\u00e8res ne sont pas responsables de la qualit\u00e9 du travail, des paiements ou de toute autre affaire entre le Client et les Membres (Entrepreneurs, Entrepreneurs, Homme \u00e0 tout faire et tous autres travailleurs de l\u2019industrie)<\/p><p><strong>ii.<\/strong>\u00a0Panier Qu\u00e9bec et ses soci\u00e9t\u00e9s affili\u00e9es et soci\u00e9t\u00e9s m\u00e8res ne seront jamais impliqu\u00e9es dans aucun diff\u00e9rend entre les parties et demeure un fournisseur de services objectif qui aide les parties \u00e0 se trouver pour les services requis.<\/p><p><strong>iii.<\/strong>\u00a0Tous les probl\u00e8mes ou litiges doivent \u00eatre r\u00e9gl\u00e9s entre les Clients et les Membres (Entrepreneurs, Entrepreneurs, Handyman et tous autres travailleurs sp\u00e9cialis\u00e9s) ;<\/p><p><strong>iv.<\/strong>\u00a0Panier Qu\u00e9bec et ses filiales et soci\u00e9t\u00e9s m\u00e8res ne pourront \u00eatre tenues responsables de l\u2019exactitude des informations pr\u00e9sent\u00e9es sur les profils des membres (entrepreneurs, entrepreneurs, bricoleur et tous autres travailleurs de l\u2019industrie).<\/p>\t\t\t\t\t\t\t\t<\/div>\n\t\t\t\t<\/div>\n\t\t\t\t\t<\/div>\n\t\t<\/div>\n\t\t\t\t\t<\/div>\n\t\t<\/section>\n\t\t\t\t<section class=\"wd-negative-gap elementor-section elementor-top-section elementor-element elementor-element-a62f68a elementor-section-boxed elementor-section-height-default elementor-section-height-default\" data-id=\"a62f68a\" data-element_type=\"section\" data-e-type=\"section\">\n\t\t\t\t\t\t<div class=\"elementor-container elementor-column-gap-default\">\n\t\t\t\t\t<div class=\"elementor-column elementor-col-100 elementor-top-column elementor-element elementor-element-6d5fc0b9\" data-id=\"6d5fc0b9\" data-element_type=\"column\" data-e-type=\"column\">\n\t\t\t<div class=\"elementor-widget-wrap elementor-element-populated\">\n\t\t\t\t\t\t<div class=\"elementor-element elementor-element-1ddcf43c color-scheme-inherit text-left elementor-widget elementor-widget-text-editor\" data-id=\"1ddcf43c\" data-element_type=\"widget\" data-e-type=\"widget\" id=\"Use\" data-widget_type=\"text-editor.default\">\n\t\t\t\t<div class=\"elementor-widget-container\">\n\t\t\t\t\t\t\t\t\t<h3>Utilisation de la licence<\/h3><p><strong>a.<\/strong>\u00a0La permission est accord\u00e9e de t\u00e9l\u00e9charger temporairement une copie du mat\u00e9riel sur le site Web de Panier Qu\u00e9bec pour une visualisation personnelle et non commerciale uniquement.<\/p><p><strong>Vous ne pouvez pas:<\/strong><br \/><strong>i.<\/strong>\u00a0Modifier ou copier le contenu ;<\/p><p><strong>ii.<\/strong>\u00a0Utiliser le contenu \u00e0 des fins commerciales ou pour tout affichage public (commercial ou non commercial) ;<\/p><p><strong>iii.<\/strong>\u00a0Tenter de d\u00e9compiler ou de d\u00e9sosser tout logiciel contenu sur le site web de Panier Qu\u00e9bec;<\/p><p><strong>iv.<\/strong>\u00a0Supprimer tout droit d\u2019auteur ou toute autre mention de propri\u00e9t\u00e9 des documents ; ou<\/p><p><strong>v.<\/strong>\u00a0Transf\u00e9rer les documents \u00e0 une autre personne ou \u00ab dupliquer \u00bb les documents sur un autre serveur.<\/p><p>Cette licence sera automatiquement r\u00e9sili\u00e9e si vous violez l\u2019une de ces restrictions et Panier Qu\u00e9bec peut la r\u00e9silier \u00e0 tout moment \u00e0 sa discr\u00e9tion.<\/p><p>\u00c0 la fin de votre visionnage de ces documents ou \u00e0 la r\u00e9siliation de cette licence, vous devez d\u00e9truire tout mat\u00e9riel t\u00e9l\u00e9charg\u00e9 en votre possession, qu\u2019il soit sous forme \u00e9lectronique ou imprim\u00e9e.<\/p>\t\t\t\t\t\t\t\t<\/div>\n\t\t\t\t<\/div>\n\t\t\t\t\t<\/div>\n\t\t<\/div>\n\t\t\t\t\t<\/div>\n\t\t<\/section>\n\t\t\t\t<section class=\"wd-negative-gap elementor-section elementor-top-section elementor-element elementor-element-26491104 elementor-section-boxed elementor-section-height-default elementor-section-height-default\" data-id=\"26491104\" data-element_type=\"section\" data-e-type=\"section\">\n\t\t\t\t\t\t<div class=\"elementor-container elementor-column-gap-default\">\n\t\t\t\t\t<div class=\"elementor-column elementor-col-100 elementor-top-column elementor-element elementor-element-5f4c8daf\" data-id=\"5f4c8daf\" data-element_type=\"column\" data-e-type=\"column\" id=\"Disclaimer\">\n\t\t\t<div class=\"elementor-widget-wrap elementor-element-populated\">\n\t\t\t\t\t\t<div class=\"elementor-element elementor-element-431acf8 color-scheme-inherit text-left elementor-widget elementor-widget-text-editor\" data-id=\"431acf8\" data-element_type=\"widget\" data-e-type=\"widget\" data-widget_type=\"text-editor.default\">\n\t\t\t\t<div class=\"elementor-widget-container\">\n\t\t\t\t\t\t\t\t\t<h3>Avertissement<\/h3><p>The materials on the Momentum Top Leaders website are provided \u201cas is\u201d. Panier Qu\u00e9bec makes no express or implied warranties, hereby disclaims and denies all warranties, including without limitation, implied warranties or conditions of merchantability, fit for particular use, or non-infringement of intellectual property. or any other violation of rights.<\/p><p>De plus, Panier Qu\u00e9bec ne garantit ni ne fait aucune d\u00e9claration concernant l\u2019exactitude, les r\u00e9sultats probables ou la fiabilit\u00e9 de l\u2019utilisation de tout mat\u00e9riel sur son site Web\/App ou autrement, li\u00e9 \u00e0 ce mat\u00e9riel ou sur des sites li\u00e9s \u00e0 ce site\/App.<\/p>\t\t\t\t\t\t\t\t<\/div>\n\t\t\t\t<\/div>\n\t\t\t\t\t<\/div>\n\t\t<\/div>\n\t\t\t\t\t<\/div>\n\t\t<\/section>\n\t\t\t\t<section class=\"wd-negative-gap elementor-section elementor-top-section elementor-element elementor-element-5ce874bd elementor-section-boxed elementor-section-height-default elementor-section-height-default\" data-id=\"5ce874bd\" data-element_type=\"section\" data-e-type=\"section\">\n\t\t\t\t\t\t<div class=\"elementor-container elementor-column-gap-default\">\n\t\t\t\t\t<div class=\"elementor-column elementor-col-100 elementor-top-column elementor-element elementor-element-10f5e201\" data-id=\"10f5e201\" data-element_type=\"column\" data-e-type=\"column\">\n\t\t\t<div class=\"elementor-widget-wrap elementor-element-populated\">\n\t\t\t\t\t\t<div class=\"elementor-element elementor-element-76a418f2 color-scheme-inherit text-left elementor-widget elementor-widget-text-editor\" data-id=\"76a418f2\" data-element_type=\"widget\" data-e-type=\"widget\" id=\"Limitations\" data-widget_type=\"text-editor.default\">\n\t\t\t\t<div class=\"elementor-widget-container\">\n\t\t\t\t\t\t\t\t\t<h3>Limitations<\/h3><p>En aucun cas, Panier Qu\u00e9bec ou ses fournisseurs ne pourront \u00eatre tenus responsables de tout dommage (y compris, sans s\u2019y limiter, les dommages pour perte de donn\u00e9es ou de profit, ou en raison d\u2019une interruption d\u2019activit\u00e9) r\u00e9sultant de l\u2019utilisation ou de l\u2019impossibilit\u00e9 d\u2019utiliser le contenu sur le Panier Qu\u00e9bec. site Web, m\u00eame si Panier Qu\u00e9bec ou l\u2019un de ses repr\u00e9sentants autoris\u00e9s a \u00e9t\u00e9 avis\u00e9 verbalement ou par \u00e9crit de la possibilit\u00e9 de tels dommages.<\/p><p>\u00c9tant donn\u00e9 que certaines juridictions n\u2019autorisent pas les limitations sur les garanties implicites ou les limitations de responsabilit\u00e9 pour les dommages cons\u00e9cutifs ou accessoires, ces limitations peuvent ne pas s\u2019appliquer \u00e0 vous.<\/p>\t\t\t\t\t\t\t\t<\/div>\n\t\t\t\t<\/div>\n\t\t\t\t\t<\/div>\n\t\t<\/div>\n\t\t\t\t\t<\/div>\n\t\t<\/section>\n\t\t\t\t<section class=\"wd-negative-gap elementor-section elementor-top-section elementor-element elementor-element-3522910d elementor-section-boxed elementor-section-height-default elementor-section-height-default\" data-id=\"3522910d\" data-element_type=\"section\" data-e-type=\"section\">\n\t\t\t\t\t\t<div class=\"elementor-container elementor-column-gap-default\">\n\t\t\t\t\t<div class=\"elementor-column elementor-col-100 elementor-top-column elementor-element elementor-element-4dee64ee\" data-id=\"4dee64ee\" data-element_type=\"column\" data-e-type=\"column\">\n\t\t\t<div class=\"elementor-widget-wrap elementor-element-populated\">\n\t\t\t\t\t\t<div class=\"elementor-element elementor-element-6063c573 color-scheme-inherit text-left elementor-widget elementor-widget-text-editor\" data-id=\"6063c573\" data-element_type=\"widget\" data-e-type=\"widget\" id=\"Revisions\" data-widget_type=\"text-editor.default\">\n\t\t\t\t<div class=\"elementor-widget-container\">\n\t\t\t\t\t\t\t\t\t<h3>R\u00e9visions et errata<\/h3><p>Les documents apparaissant sur le site Internet de Panier Qu\u00e9bec pourraient comporter des erreurs techniques, typographiques ou photographiques. Panier Qu\u00e9bec ne garantit pas que les documents sont exacts, complets ou \u00e0 jour. Panier Qu\u00e9bec peut apporter des modifications au contenu de son site \u00e0 tout moment et sans pr\u00e9avis. Panier Qu\u00e9bec ne s\u2019engage toutefois pas \u00e0 mettre \u00e0 jour les documents.<\/p>\t\t\t\t\t\t\t\t<\/div>\n\t\t\t\t<\/div>\n\t\t\t\t\t<\/div>\n\t\t<\/div>\n\t\t\t\t\t<\/div>\n\t\t<\/section>\n\t\t\t\t<section class=\"wd-negative-gap elementor-section elementor-top-section elementor-element elementor-element-6f4fd8a7 elementor-section-boxed elementor-section-height-default elementor-section-height-default\" data-id=\"6f4fd8a7\" data-element_type=\"section\" data-e-type=\"section\">\n\t\t\t\t\t\t<div class=\"elementor-container elementor-column-gap-default\">\n\t\t\t\t\t<div class=\"elementor-column elementor-col-100 elementor-top-column elementor-element elementor-element-7bd4fdd2\" data-id=\"7bd4fdd2\" data-element_type=\"column\" data-e-type=\"column\" id=\"Links\">\n\t\t\t<div class=\"elementor-widget-wrap elementor-element-populated\">\n\t\t\t\t\t\t<div class=\"elementor-element elementor-element-12ceb431 color-scheme-inherit text-left elementor-widget elementor-widget-text-editor\" data-id=\"12ceb431\" data-element_type=\"widget\" data-e-type=\"widget\" data-widget_type=\"text-editor.default\">\n\t\t\t\t<div class=\"elementor-widget-container\">\n\t\t\t\t\t\t\t\t\t<h3>Liens<\/h3><p>Panier Qu\u00e9bec n\u2019a pas examin\u00e9 tous les sites Web li\u00e9s \u00e0 son site Web et n\u2019est pas responsable du contenu de ces sites li\u00e9s. L\u2019inclusion de tout lien n\u2019implique pas l\u2019approbation par Panier Qu\u00e9bec du site. L\u2019utilisation de tout site Web li\u00e9 est aux risques et p\u00e9rils de l\u2019utilisateur.<\/p>\t\t\t\t\t\t\t\t<\/div>\n\t\t\t\t<\/div>\n\t\t\t\t\t<\/div>\n\t\t<\/div>\n\t\t\t\t\t<\/div>\n\t\t<\/section>\n\t\t\t\t<section class=\"wd-negative-gap elementor-section elementor-top-section elementor-element elementor-element-7dbd9eb1 elementor-section-boxed elementor-section-height-default elementor-section-height-default\" data-id=\"7dbd9eb1\" data-element_type=\"section\" data-e-type=\"section\">\n\t\t\t\t\t\t<div class=\"elementor-container elementor-column-gap-default\">\n\t\t\t\t\t<div class=\"elementor-column elementor-col-100 elementor-top-column elementor-element elementor-element-15c6b793\" data-id=\"15c6b793\" data-element_type=\"column\" data-e-type=\"column\" id=\"Changes\">\n\t\t\t<div class=\"elementor-widget-wrap elementor-element-populated\">\n\t\t\t\t\t\t<div class=\"elementor-element elementor-element-478a2fcb color-scheme-inherit text-left elementor-widget elementor-widget-text-editor\" data-id=\"478a2fcb\" data-element_type=\"widget\" data-e-type=\"widget\" data-widget_type=\"text-editor.default\">\n\t\t\t\t<div class=\"elementor-widget-container\">\n\t\t\t\t\t\t\t\t\t<h3>Modifications des conditions d\u2019utilisation du site<\/h3><p>Panier Qu\u00e9bec peut r\u00e9viser les conditions d\u2019utilisation de son site Web en tout temps et sans pr\u00e9avis. En utilisant ce site Web, vous acceptez d\u2019\u00eatre li\u00e9 par la version alors en vigueur de ces conditions d\u2019utilisation.<\/p>\t\t\t\t\t\t\t\t<\/div>\n\t\t\t\t<\/div>\n\t\t\t\t\t<\/div>\n\t\t<\/div>\n\t\t\t\t\t<\/div>\n\t\t<\/section>\n\t\t\t\t<section class=\"wd-negative-gap elementor-section elementor-top-section elementor-element elementor-element-3cca77c9 elementor-section-boxed elementor-section-height-default elementor-section-height-default\" data-id=\"3cca77c9\" data-element_type=\"section\" data-e-type=\"section\">\n\t\t\t\t\t\t<div class=\"elementor-container elementor-column-gap-default\">\n\t\t\t\t\t<div class=\"elementor-column elementor-col-100 elementor-top-column elementor-element elementor-element-2530a94\" data-id=\"2530a94\" data-element_type=\"column\" data-e-type=\"column\" id=\"Applicable_law\">\n\t\t\t<div class=\"elementor-widget-wrap elementor-element-populated\">\n\t\t\t\t\t\t<div class=\"elementor-element elementor-element-36341461 color-scheme-inherit text-left elementor-widget elementor-widget-text-editor\" data-id=\"36341461\" data-element_type=\"widget\" data-e-type=\"widget\" data-widget_type=\"text-editor.default\">\n\t\t\t\t<div class=\"elementor-widget-container\">\n\t\t\t\t\t\t\t\t\t<h3>Loi applicable<\/h3><p>Toute plainte relative au site Internet de Panier Qu\u00e9bec sera r\u00e9gie par les lois de l\u2019\u00c9tat du Qu\u00e9bec, Canada, sans \u00e9gard \u00e0 ses dispositions relatives aux conflits de lois, conditions g\u00e9n\u00e9rales et conditions applicables \u00e0 l\u2019utilisation d\u2019un site Internet.<\/p>\t\t\t\t\t\t\t\t<\/div>\n\t\t\t\t<\/div>\n\t\t\t\t\t<\/div>\n\t\t<\/div>\n\t\t\t\t\t<\/div>\n\t\t<\/section>\n\t\t\t\t<section class=\"wd-negative-gap elementor-section elementor-top-section elementor-element elementor-element-531faa33 elementor-section-boxed elementor-section-height-default elementor-section-height-default\" data-id=\"531faa33\" data-element_type=\"section\" data-e-type=\"section\">\n\t\t\t\t\t\t<div class=\"elementor-container elementor-column-gap-default\">\n\t\t\t\t\t<div class=\"elementor-column elementor-col-100 elementor-top-column elementor-element elementor-element-66913030\" data-id=\"66913030\" data-element_type=\"column\" data-e-type=\"column\" id=\"Secure\">\n\t\t\t<div class=\"elementor-widget-wrap elementor-element-populated\">\n\t\t\t\t\t\t<div class=\"elementor-element elementor-element-4122f09f color-scheme-inherit text-left elementor-widget elementor-widget-text-editor\" data-id=\"4122f09f\" data-element_type=\"widget\" data-e-type=\"widget\" data-widget_type=\"text-editor.default\">\n\t\t\t\t<div class=\"elementor-widget-container\">\n\t\t\t\t\t\t\t\t\t<h3>Paiements s\u00e9curis\u00e9s<\/h3><p>Panier Qu\u00e9bec App., Les sites Web et les plateformes sont tous s\u00e9curis\u00e9s et utilisent la certification SSL. Les paiements de nos clients pour les abonnements sont trait\u00e9s par des tiers PayPal et Stripe qui souscrivent tous deux aux protocoles de s\u00e9curit\u00e9 les plus stricts et les plus r\u00e9cents.<\/p><p>Panier Qu\u00e9bec App, les sites Web et les plateformes ne divulgueront jamais publiquement les donn\u00e9es personnelles ou sensibles des utilisateurs li\u00e9es aux activit\u00e9s financi\u00e8res ou de paiement ou aux num\u00e9ros d\u2019identification gouvernementaux.<\/p><p>Nous nous engageons \u00e0 mener nos activit\u00e9s conform\u00e9ment aux pr\u00e9sentes conditions g\u00e9n\u00e9rales afin de garantir la protection et le maintien de la confidentialit\u00e9 des informations personnelles.<\/p>\t\t\t\t\t\t\t\t<\/div>\n\t\t\t\t<\/div>\n\t\t\t\t\t<\/div>\n\t\t<\/div>\n\t\t\t\t\t<\/div>\n\t\t<\/section>\n\t\t\t\t<section class=\"wd-negative-gap elementor-section elementor-top-section elementor-element elementor-element-2948b5a7 elementor-section-boxed elementor-section-height-default elementor-section-height-default\" data-id=\"2948b5a7\" data-element_type=\"section\" data-e-type=\"section\">\n\t\t\t\t\t\t<div class=\"elementor-container elementor-column-gap-default\">\n\t\t\t\t\t<div class=\"elementor-column elementor-col-100 elementor-top-column elementor-element elementor-element-316ec377\" data-id=\"316ec377\" data-element_type=\"column\" data-e-type=\"column\" id=\"Last_update\">\n\t\t\t<div class=\"elementor-widget-wrap elementor-element-populated\">\n\t\t\t\t\t\t<div class=\"elementor-element elementor-element-409aa69d color-scheme-inherit text-left elementor-widget elementor-widget-text-editor\" data-id=\"409aa69d\" data-element_type=\"widget\" data-e-type=\"widget\" data-widget_type=\"text-editor.default\">\n\t\t\t\t<div class=\"elementor-widget-container\">\n\t\t\t\t\t\t\t\t\t<p><code>Derni\u00e8re mise \u00e0 jour:<span> d\u00e9cembre 25, 2022 <\/span><\/code><\/p>\t\t\t\t\t\t\t\t<\/div>\n\t\t\t\t<\/div>\n\t\t\t\t\t<\/div>\n\t\t<\/div>\n\t\t\t\t\t<\/div>\n\t\t<\/section>\n\t\t\t\t<\/div>","protected":false},"excerpt":{"rendered":"<p>Summary TermsUse of the licenseDisclaimerLimitationsRevisions and ErrataLinksChanges to the conditions of use of the siteApplicable lawSecure paymentsLast update Terms a.\u00a0By<\/p>","protected":false},"author":1,"featured_media":0,"parent":0,"menu_order":0,"comment_status":"closed","ping_status":"closed","template":"","meta":{"_lmt_disableupdate":"","_lmt_disable":"","footnotes":""},"class_list":["post-14106","page","type-page","status-publish","hentry"],"_links":{"self":[{"href":"https:\/\/panierquebec.com\/fr\/wp-json\/wp\/v2\/pages\/14106","targetHints":{"allow":["GET"]}}],"collection":[{"href":"https:\/\/panierquebec.com\/fr\/wp-json\/wp\/v2\/pages"}],"about":[{"href":"https:\/\/panierquebec.com\/fr\/wp-json\/wp\/v2\/types\/page"}],"author":[{"embeddable":true,"href":"https:\/\/panierquebec.com\/fr\/wp-json\/wp\/v2\/users\/1"}],"replies":[{"embeddable":true,"href":"https:\/\/panierquebec.com\/fr\/wp-json\/wp\/v2\/comments?post=14106"}],"version-history":[{"count":15,"href":"https:\/\/panierquebec.com\/fr\/wp-json\/wp\/v2\/pages\/14106\/revisions"}],"predecessor-version":[{"id":14402,"href":"https:\/\/panierquebec.com\/fr\/wp-json\/wp\/v2\/pages\/14106\/revisions\/14402"}],"wp:attachment":[{"href":"https:\/\/panierquebec.com\/fr\/wp-json\/wp\/v2\/media?parent=14106"}],"curies":[{"name":"wp","href":"https:\/\/api.w.org\/{rel}","templated":true}]}}