{"id":14106,"date":"2022-12-24T03:37:15","date_gmt":"2022-12-24T08:37:15","guid":{"rendered":"https:\/\/panierquebec.com\/?page_id=14106"},"modified":"2022-12-25T14:05:47","modified_gmt":"2022-12-25T19:05:47","slug":"terms-conditions","status":"publish","type":"page","link":"https:\/\/panierquebec.com\/en\/terms-conditions\/","title":{"rendered":"Terms &#038; conditions"},"content":{"rendered":"\t\t<div data-elementor-type=\"wp-page\" data-elementor-id=\"14106\" class=\"elementor elementor-14106\">\n\t\t\t\t\t\t<section class=\"wd-negative-gap elementor-section elementor-top-section elementor-element elementor-element-392d5cc2 elementor-section-boxed elementor-section-height-default elementor-section-height-default\" data-id=\"392d5cc2\" data-element_type=\"section\" data-e-type=\"section\">\n\t\t\t\t\t\t<div class=\"elementor-container elementor-column-gap-default\">\n\t\t\t\t\t<div class=\"elementor-column elementor-col-100 elementor-top-column elementor-element elementor-element-10f9b363\" data-id=\"10f9b363\" data-element_type=\"column\" data-e-type=\"column\">\n\t\t\t<div class=\"elementor-widget-wrap elementor-element-populated\">\n\t\t\t\t\t\t<div class=\"elementor-element elementor-element-7aa447b3 color-scheme-inherit text-left elementor-widget elementor-widget-text-editor\" data-id=\"7aa447b3\" data-element_type=\"widget\" data-e-type=\"widget\" data-widget_type=\"text-editor.default\">\n\t\t\t\t<div class=\"elementor-widget-container\">\n\t\t\t\t\t\t\t\t\t<h2>Summary<\/h2><div><span style=\"color: #3366ff;\"><a style=\"color: #3366ff;\" href=\"#Terms\">Terms<\/a><\/span><\/div><div><span style=\"color: #3366ff;\"><a style=\"color: #3366ff;\" href=\"#Use\">Use of the license<\/a><\/span><\/div><div><span style=\"color: #3366ff;\"><a style=\"color: #3366ff;\" href=\"#Disclaimer\">Disclaimer<\/a><\/span><\/div><div><span style=\"color: #3366ff;\"><a style=\"color: #3366ff;\" href=\"#Limitations\">Limitations<\/a><\/span><\/div><div><span style=\"color: #3366ff;\"><a style=\"color: #3366ff;\" href=\"#Revisions\">Revisions and Errata<\/a><\/span><\/div><div><span style=\"color: #3366ff;\"><a style=\"color: #3366ff;\" href=\"#Links\">Links<\/a><\/span><\/div><div><span style=\"color: #3366ff;\"><a style=\"color: #3366ff;\" href=\"#Changes\">Changes to the conditions of use of the site<\/a><\/span><\/div><div><span style=\"color: #3366ff;\"><a style=\"color: #3366ff;\" href=\"#Applicable_law\">Applicable law<\/a><\/span><\/div><div><span style=\"color: #3366ff;\"><a style=\"color: #3366ff;\" href=\"#Secure\">Secure payments<\/a><\/span><\/div><div><span style=\"color: #3366ff;\"><a style=\"color: #3366ff;\" href=\"#Last_update\">Last update<\/a><\/span><\/div>\t\t\t\t\t\t\t\t<\/div>\n\t\t\t\t<\/div>\n\t\t\t\t\t<\/div>\n\t\t<\/div>\n\t\t\t\t\t<\/div>\n\t\t<\/section>\n\t\t\t\t<section class=\"wd-negative-gap elementor-section elementor-top-section elementor-element elementor-element-4e04f911 elementor-section-boxed elementor-section-height-default elementor-section-height-default\" data-id=\"4e04f911\" data-element_type=\"section\" data-e-type=\"section\" id=\"Terms\">\n\t\t\t\t\t\t<div class=\"elementor-container elementor-column-gap-default\">\n\t\t\t\t\t<div class=\"elementor-column elementor-col-100 elementor-top-column elementor-element elementor-element-1b7f9643\" data-id=\"1b7f9643\" data-element_type=\"column\" data-e-type=\"column\" id=\"Terms\">\n\t\t\t<div class=\"elementor-widget-wrap elementor-element-populated\">\n\t\t\t\t\t\t<div class=\"elementor-element elementor-element-38e6c8d9 color-scheme-inherit text-left elementor-widget elementor-widget-text-editor\" data-id=\"38e6c8d9\" data-element_type=\"widget\" data-e-type=\"widget\" id=\"Terms\" data-widget_type=\"text-editor.default\">\n\t\t\t\t<div class=\"elementor-widget-container\">\n\t\t\t\t\t\t\t\t\t<h3>Terms<\/h3><p><strong>a.<\/strong>\u00a0By accessing Panier Qu\u00e9bec, you agree to be bound by these website terms of use, all applicable laws and regulations, and agree to be responsible for compliance with applicable local laws.<\/p><p>If you do not agree with any of these terms, you are prohibited from using or accessing this site.<\/p><p>The content (text, images, files, logo, favicon, QR code, information of all kinds and all other elements of this website) is protected by applicable copyright and trademark laws.<\/p><p><strong>b.<\/strong>\u00a0Disclaimer<br \/><strong>i.<\/strong>\u00a0Panier Qu\u00e9bec and its affiliates and parent companies are not responsible for the quality of work, payments or any other matter between the Client and the Members (Contractors, Contractors, Handyman and all other workers of industry).<\/p><p><strong>ii.<\/strong>\u00a0Panier Qu\u00e9bec and its affiliates and parent companies will never be involved in any dispute between the parties and remains an objective service provider who helps the parties find each other for the services required.<\/p><p><strong>iii.<\/strong>\u00a0All problems or disputes must be settled between Customers and Members (Contractors, Contractors, Handyman and all other specialized workers);<\/p><p><strong>iv.<\/strong>\u00a0Panier Qu\u00e9bec and its subsidiaries and parent companies will not be held responsible for the accuracy of the information presented on the profiles of members (entrepreneurs, contractors, handyman and all other workers in the industry).<\/p>\t\t\t\t\t\t\t\t<\/div>\n\t\t\t\t<\/div>\n\t\t\t\t\t<\/div>\n\t\t<\/div>\n\t\t\t\t\t<\/div>\n\t\t<\/section>\n\t\t\t\t<section class=\"wd-negative-gap elementor-section elementor-top-section elementor-element elementor-element-a62f68a elementor-section-boxed elementor-section-height-default elementor-section-height-default\" data-id=\"a62f68a\" data-element_type=\"section\" data-e-type=\"section\">\n\t\t\t\t\t\t<div class=\"elementor-container elementor-column-gap-default\">\n\t\t\t\t\t<div class=\"elementor-column elementor-col-100 elementor-top-column elementor-element elementor-element-6d5fc0b9\" data-id=\"6d5fc0b9\" data-element_type=\"column\" data-e-type=\"column\">\n\t\t\t<div class=\"elementor-widget-wrap elementor-element-populated\">\n\t\t\t\t\t\t<div class=\"elementor-element elementor-element-1ddcf43c color-scheme-inherit text-left elementor-widget elementor-widget-text-editor\" data-id=\"1ddcf43c\" data-element_type=\"widget\" data-e-type=\"widget\" id=\"Use\" data-widget_type=\"text-editor.default\">\n\t\t\t\t<div class=\"elementor-widget-container\">\n\t\t\t\t\t\t\t\t\t<h3>Use of the license<\/h3><p><strong>a.<\/strong>\u00a0Permission is granted to temporarily download one copy of the material on the Panier Qu\u00e9bec website for personal, non-commercial viewing only.<\/p><p><strong>You can not:<\/strong><br \/><strong>i.<\/strong>\u00a0Modify or copy the content;<\/p><p><strong>ii.<\/strong>\u00a0Use the content for commercial purposes or for any public display (commercial or non-commercial);<\/p><p><strong>iii.<\/strong>\u00a0Attempt to decompile or reverse engineer any software contained on the Panier Qu\u00e9bec website;<\/p><p><strong>iv.<\/strong>\u00a0Remove any copyright or any other mention of ownership of the documents; or<\/p><p><strong>v.<\/strong>\u00a0Transfer the documents to another person or \u201cduplicate\u201d the documents on another server.<\/p><p>This license will terminate automatically if you violate any of these restrictions and Panier Qu\u00e9bec may terminate it at any time at its discretion.<\/p><p>Upon termination of your viewing of these materials or upon termination of this license, you must destroy any downloaded materials in your possession whether in electronic or printed form.<\/p>\t\t\t\t\t\t\t\t<\/div>\n\t\t\t\t<\/div>\n\t\t\t\t\t<\/div>\n\t\t<\/div>\n\t\t\t\t\t<\/div>\n\t\t<\/section>\n\t\t\t\t<section class=\"wd-negative-gap elementor-section elementor-top-section elementor-element elementor-element-26491104 elementor-section-boxed elementor-section-height-default elementor-section-height-default\" data-id=\"26491104\" data-element_type=\"section\" data-e-type=\"section\">\n\t\t\t\t\t\t<div class=\"elementor-container elementor-column-gap-default\">\n\t\t\t\t\t<div class=\"elementor-column elementor-col-100 elementor-top-column elementor-element elementor-element-5f4c8daf\" data-id=\"5f4c8daf\" data-element_type=\"column\" data-e-type=\"column\" id=\"Disclaimer\">\n\t\t\t<div class=\"elementor-widget-wrap elementor-element-populated\">\n\t\t\t\t\t\t<div class=\"elementor-element elementor-element-431acf8 color-scheme-inherit text-left elementor-widget elementor-widget-text-editor\" data-id=\"431acf8\" data-element_type=\"widget\" data-e-type=\"widget\" data-widget_type=\"text-editor.default\">\n\t\t\t\t<div class=\"elementor-widget-container\">\n\t\t\t\t\t\t\t\t\t<h3>Disclaimer<\/h3><p>The materials on the Momentum Top Leaders website are provided \u201cas is\u201d. Panier Qu\u00e9bec makes no express or implied warranties, hereby disclaims and denies all warranties, including without limitation, implied warranties or conditions of merchantability, fit for particular use, or non-infringement of intellectual property. or any other violation of rights.<\/p><p>Further, Panier Qu\u00e9bec does not warrant or make any representations regarding the accuracy, likely results, or reliability of the use of any material on its website \/ App or otherwise, linked to such material or on sites linked to this site \/ App.<\/p>\t\t\t\t\t\t\t\t<\/div>\n\t\t\t\t<\/div>\n\t\t\t\t\t<\/div>\n\t\t<\/div>\n\t\t\t\t\t<\/div>\n\t\t<\/section>\n\t\t\t\t<section class=\"wd-negative-gap elementor-section elementor-top-section elementor-element elementor-element-5ce874bd elementor-section-boxed elementor-section-height-default elementor-section-height-default\" data-id=\"5ce874bd\" data-element_type=\"section\" data-e-type=\"section\">\n\t\t\t\t\t\t<div class=\"elementor-container elementor-column-gap-default\">\n\t\t\t\t\t<div class=\"elementor-column elementor-col-100 elementor-top-column elementor-element elementor-element-10f5e201\" data-id=\"10f5e201\" data-element_type=\"column\" data-e-type=\"column\">\n\t\t\t<div class=\"elementor-widget-wrap elementor-element-populated\">\n\t\t\t\t\t\t<div class=\"elementor-element elementor-element-76a418f2 color-scheme-inherit text-left elementor-widget elementor-widget-text-editor\" data-id=\"76a418f2\" data-element_type=\"widget\" data-e-type=\"widget\" id=\"Limitations\" data-widget_type=\"text-editor.default\">\n\t\t\t\t<div class=\"elementor-widget-container\">\n\t\t\t\t\t\t\t\t\t<h3>Limitations<\/h3><p>Under no circumstances can Panier Qu\u00e9bec or its suppliers be held liable for any damages (including, without limitation, damages for loss of data or profit, or due to business interruption) resulting from the use or the inability to use the content on the Panier Qu\u00e9bec website, even if Panier Qu\u00e9bec or one of its authorized representatives has been verbally or in writing advised of the possibility of such damages.<\/p><p>Since some jurisdictions do not allow limitations on implied warranties or limitations of liability for consequential or incidental damages, these limitations may not apply to you.<\/p>\t\t\t\t\t\t\t\t<\/div>\n\t\t\t\t<\/div>\n\t\t\t\t\t<\/div>\n\t\t<\/div>\n\t\t\t\t\t<\/div>\n\t\t<\/section>\n\t\t\t\t<section class=\"wd-negative-gap elementor-section elementor-top-section elementor-element elementor-element-3522910d elementor-section-boxed elementor-section-height-default elementor-section-height-default\" data-id=\"3522910d\" data-element_type=\"section\" data-e-type=\"section\">\n\t\t\t\t\t\t<div class=\"elementor-container elementor-column-gap-default\">\n\t\t\t\t\t<div class=\"elementor-column elementor-col-100 elementor-top-column elementor-element elementor-element-4dee64ee\" data-id=\"4dee64ee\" data-element_type=\"column\" data-e-type=\"column\">\n\t\t\t<div class=\"elementor-widget-wrap elementor-element-populated\">\n\t\t\t\t\t\t<div class=\"elementor-element elementor-element-6063c573 color-scheme-inherit text-left elementor-widget elementor-widget-text-editor\" data-id=\"6063c573\" data-element_type=\"widget\" data-e-type=\"widget\" id=\"Revisions\" data-widget_type=\"text-editor.default\">\n\t\t\t\t<div class=\"elementor-widget-container\">\n\t\t\t\t\t\t\t\t\t<h3>Revisions and Errata<\/h3><p>The documents appearing on the Panier Qu\u00e9bec website could include technical, typographical or photographic errors. Panier Qu\u00e9bec does not guarantee that the documents are accurate, complete or up to date. Panier Qu\u00e9bec may make changes to the content of its site at any time without notice. Panier Qu\u00e9bec does not make any commitment to update the documents.<\/p>\t\t\t\t\t\t\t\t<\/div>\n\t\t\t\t<\/div>\n\t\t\t\t\t<\/div>\n\t\t<\/div>\n\t\t\t\t\t<\/div>\n\t\t<\/section>\n\t\t\t\t<section class=\"wd-negative-gap elementor-section elementor-top-section elementor-element elementor-element-6f4fd8a7 elementor-section-boxed elementor-section-height-default elementor-section-height-default\" data-id=\"6f4fd8a7\" data-element_type=\"section\" data-e-type=\"section\">\n\t\t\t\t\t\t<div class=\"elementor-container elementor-column-gap-default\">\n\t\t\t\t\t<div class=\"elementor-column elementor-col-100 elementor-top-column elementor-element elementor-element-7bd4fdd2\" data-id=\"7bd4fdd2\" data-element_type=\"column\" data-e-type=\"column\" id=\"Links\">\n\t\t\t<div class=\"elementor-widget-wrap elementor-element-populated\">\n\t\t\t\t\t\t<div class=\"elementor-element elementor-element-12ceb431 color-scheme-inherit text-left elementor-widget elementor-widget-text-editor\" data-id=\"12ceb431\" data-element_type=\"widget\" data-e-type=\"widget\" data-widget_type=\"text-editor.default\">\n\t\t\t\t<div class=\"elementor-widget-container\">\n\t\t\t\t\t\t\t\t\t<h3>Links<\/h3><p>Panier Qu\u00e9bec has not reviewed all of the websites linked to its website and is not responsible for the content of any such linked sites. The inclusion of any link does not imply endorsement by Panier Qu\u00e9bec of the site. Use of any linked website is at the user\u2019s own risk.<\/p>\t\t\t\t\t\t\t\t<\/div>\n\t\t\t\t<\/div>\n\t\t\t\t\t<\/div>\n\t\t<\/div>\n\t\t\t\t\t<\/div>\n\t\t<\/section>\n\t\t\t\t<section class=\"wd-negative-gap elementor-section elementor-top-section elementor-element elementor-element-7dbd9eb1 elementor-section-boxed elementor-section-height-default elementor-section-height-default\" data-id=\"7dbd9eb1\" data-element_type=\"section\" data-e-type=\"section\">\n\t\t\t\t\t\t<div class=\"elementor-container elementor-column-gap-default\">\n\t\t\t\t\t<div class=\"elementor-column elementor-col-100 elementor-top-column elementor-element elementor-element-15c6b793\" data-id=\"15c6b793\" data-element_type=\"column\" data-e-type=\"column\" id=\"Changes\">\n\t\t\t<div class=\"elementor-widget-wrap elementor-element-populated\">\n\t\t\t\t\t\t<div class=\"elementor-element elementor-element-478a2fcb color-scheme-inherit text-left elementor-widget elementor-widget-text-editor\" data-id=\"478a2fcb\" data-element_type=\"widget\" data-e-type=\"widget\" data-widget_type=\"text-editor.default\">\n\t\t\t\t<div class=\"elementor-widget-container\">\n\t\t\t\t\t\t\t\t\t<h3>Changes to the conditions of use of the site<\/h3><p>Panier Qu\u00e9bec may revise the terms of use for its website at any time without notice. By using this website, you agree to be bound by the then current version of these terms of use.<\/p>\t\t\t\t\t\t\t\t<\/div>\n\t\t\t\t<\/div>\n\t\t\t\t\t<\/div>\n\t\t<\/div>\n\t\t\t\t\t<\/div>\n\t\t<\/section>\n\t\t\t\t<section class=\"wd-negative-gap elementor-section elementor-top-section elementor-element elementor-element-3cca77c9 elementor-section-boxed elementor-section-height-default elementor-section-height-default\" data-id=\"3cca77c9\" data-element_type=\"section\" data-e-type=\"section\">\n\t\t\t\t\t\t<div class=\"elementor-container elementor-column-gap-default\">\n\t\t\t\t\t<div class=\"elementor-column elementor-col-100 elementor-top-column elementor-element elementor-element-2530a94\" data-id=\"2530a94\" data-element_type=\"column\" data-e-type=\"column\" id=\"Applicable_law\">\n\t\t\t<div class=\"elementor-widget-wrap elementor-element-populated\">\n\t\t\t\t\t\t<div class=\"elementor-element elementor-element-36341461 color-scheme-inherit text-left elementor-widget elementor-widget-text-editor\" data-id=\"36341461\" data-element_type=\"widget\" data-e-type=\"widget\" data-widget_type=\"text-editor.default\">\n\t\t\t\t<div class=\"elementor-widget-container\">\n\t\t\t\t\t\t\t\t\t<h3>Applicable law<\/h3><p>Any complaint relating to the Panier Qu\u00e9bec website will be governed by the laws of the State of Quebec, Canada, without regard to its provisions relating to conflicts of laws, general conditions and conditions applicable to the use of a website.<\/p>\t\t\t\t\t\t\t\t<\/div>\n\t\t\t\t<\/div>\n\t\t\t\t\t<\/div>\n\t\t<\/div>\n\t\t\t\t\t<\/div>\n\t\t<\/section>\n\t\t\t\t<section class=\"wd-negative-gap elementor-section elementor-top-section elementor-element elementor-element-531faa33 elementor-section-boxed elementor-section-height-default elementor-section-height-default\" data-id=\"531faa33\" data-element_type=\"section\" data-e-type=\"section\">\n\t\t\t\t\t\t<div class=\"elementor-container elementor-column-gap-default\">\n\t\t\t\t\t<div class=\"elementor-column elementor-col-100 elementor-top-column elementor-element elementor-element-66913030\" data-id=\"66913030\" data-element_type=\"column\" data-e-type=\"column\" id=\"Secure\">\n\t\t\t<div class=\"elementor-widget-wrap elementor-element-populated\">\n\t\t\t\t\t\t<div class=\"elementor-element elementor-element-4122f09f color-scheme-inherit text-left elementor-widget elementor-widget-text-editor\" data-id=\"4122f09f\" data-element_type=\"widget\" data-e-type=\"widget\" data-widget_type=\"text-editor.default\">\n\t\t\t\t<div class=\"elementor-widget-container\">\n\t\t\t\t\t\t\t\t\t<h3>Secure payments<\/h3><p>Panier Qu\u00e9bec App., Websites and platforms are all secure and use SSL certification. Our customers\u2019 payments for subscriptions are processed by third-party PayPal and Stripe who both subscribe to the strictest and latest security protocols.<\/p><p>Panier Qu\u00e9bec App, websites and platforms will never publicly disclose personal or sensitive user data related to financial or payment activities or government identification numbers.<\/p><p>We are committed to conducting our business in accordance with these Terms and Conditions to ensure that the confidentiality of personal information is protected and maintained.<\/p>\t\t\t\t\t\t\t\t<\/div>\n\t\t\t\t<\/div>\n\t\t\t\t\t<\/div>\n\t\t<\/div>\n\t\t\t\t\t<\/div>\n\t\t<\/section>\n\t\t\t\t<section class=\"wd-negative-gap elementor-section elementor-top-section elementor-element elementor-element-2948b5a7 elementor-section-boxed elementor-section-height-default elementor-section-height-default\" data-id=\"2948b5a7\" data-element_type=\"section\" data-e-type=\"section\">\n\t\t\t\t\t\t<div class=\"elementor-container elementor-column-gap-default\">\n\t\t\t\t\t<div class=\"elementor-column elementor-col-100 elementor-top-column elementor-element elementor-element-316ec377\" data-id=\"316ec377\" data-element_type=\"column\" data-e-type=\"column\" id=\"Last_update\">\n\t\t\t<div class=\"elementor-widget-wrap elementor-element-populated\">\n\t\t\t\t\t\t<div class=\"elementor-element elementor-element-409aa69d color-scheme-inherit text-left elementor-widget elementor-widget-text-editor\" data-id=\"409aa69d\" data-element_type=\"widget\" data-e-type=\"widget\" data-widget_type=\"text-editor.default\">\n\t\t\t\t<div class=\"elementor-widget-container\">\n\t\t\t\t\t\t\t\t\t<p><code>Last Updated on:<span> December 25, 2022 <\/span><\/code><\/p>\t\t\t\t\t\t\t\t<\/div>\n\t\t\t\t<\/div>\n\t\t\t\t\t<\/div>\n\t\t<\/div>\n\t\t\t\t\t<\/div>\n\t\t<\/section>\n\t\t\t\t<\/div>\n\t\t","protected":false},"excerpt":{"rendered":"<p>Summary TermsUse of the licenseDisclaimerLimitationsRevisions and ErrataLinksChanges to the conditions of use of the siteApplicable lawSecure paymentsLast update Terms a.\u00a0By<\/p>\n","protected":false},"author":1,"featured_media":0,"parent":0,"menu_order":0,"comment_status":"closed","ping_status":"closed","template":"","meta":{"_lmt_disableupdate":"","_lmt_disable":"","footnotes":""},"class_list":["post-14106","page","type-page","status-publish","hentry"],"_links":{"self":[{"href":"https:\/\/panierquebec.com\/en\/wp-json\/wp\/v2\/pages\/14106","targetHints":{"allow":["GET"]}}],"collection":[{"href":"https:\/\/panierquebec.com\/en\/wp-json\/wp\/v2\/pages"}],"about":[{"href":"https:\/\/panierquebec.com\/en\/wp-json\/wp\/v2\/types\/page"}],"author":[{"embeddable":true,"href":"https:\/\/panierquebec.com\/en\/wp-json\/wp\/v2\/users\/1"}],"replies":[{"embeddable":true,"href":"https:\/\/panierquebec.com\/en\/wp-json\/wp\/v2\/comments?post=14106"}],"version-history":[{"count":15,"href":"https:\/\/panierquebec.com\/en\/wp-json\/wp\/v2\/pages\/14106\/revisions"}],"predecessor-version":[{"id":14402,"href":"https:\/\/panierquebec.com\/en\/wp-json\/wp\/v2\/pages\/14106\/revisions\/14402"}],"wp:attachment":[{"href":"https:\/\/panierquebec.com\/en\/wp-json\/wp\/v2\/media?parent=14106"}],"curies":[{"name":"wp","href":"https:\/\/api.w.org\/{rel}","templated":true}]}}